{"id":6790,"date":"2015-05-16T07:51:54","date_gmt":"2015-05-16T07:51:54","guid":{"rendered":"https:\/\/dronariss.com\/par-uznemumu-un-dibinataju\/"},"modified":"2024-11-06T12:31:52","modified_gmt":"2024-11-06T12:31:52","slug":"par-uznemumu-un-dibinataju","status":"publish","type":"page","link":"https:\/\/dronariss.com\/lv\/par-uznemumu-un-dibinataju\/","title":{"rendered":"Par uz\u0146\u0113mumu un dibin\u0101t\u0101ju"},"content":{"rendered":"\t\t<div data-elementor-type=\"wp-page\" data-elementor-id=\"6790\" class=\"elementor elementor-6790 elementor-5380\">\n\t\t\t\t<div class=\"elementor-element elementor-element-33429b28 e-flex e-con-boxed e-con e-parent\" data-id=\"33429b28\" data-element_type=\"container\" data-e-type=\"container\">\n\t\t\t\t\t<div class=\"e-con-inner\">\n\t\t\t\t<div class=\"elementor-element elementor-element-8e71eb7 elementor-widget elementor-widget-text-editor\" data-id=\"8e71eb7\" data-element_type=\"widget\" data-e-type=\"widget\" data-widget_type=\"text-editor.default\">\n\t\t\t\t<div class=\"elementor-widget-container\">\n\t\t\t\t\t\t\t\t\t<p style=\"text-align: center;\">SIA Dronariss ir jauns, strauji augo\u0161s uz\u0146\u0113mums, kas dibin\u0101ts 2024. gad\u0101 Latvij\u0101. M\u0113s specializ\u0113jamies FPV kaujas dronu ra\u017eo\u0161an\u0101 un izstr\u0101d\u0113, k\u0101 ar\u012b sniedzam pla\u0161u konsult\u0101ciju un apm\u0101c\u012bbu pakalpojumu kl\u0101stu bezpilota lidapar\u0101tu (BPL) jom\u0101. <\/p>\n<p style=\"text-align: center;\"><\/p>\t\t\t\t\t\t\t\t<\/div>\n\t\t\t\t<\/div>\n\t\t\t\t\t<\/div>\n\t\t\t\t<\/div>\n\t\t<div class=\"elementor-element elementor-element-e4db291 e-flex e-con-boxed e-con e-parent\" data-id=\"e4db291\" data-element_type=\"container\" data-e-type=\"container\">\n\t\t\t\t\t<div class=\"e-con-inner\">\n\t\t\t\t<div class=\"elementor-element elementor-element-f2926c4 elementor-widget__width-initial elementor-widget elementor-widget-text-editor\" data-id=\"f2926c4\" data-element_type=\"widget\" data-e-type=\"widget\" data-widget_type=\"text-editor.default\">\n\t\t\t\t<div class=\"elementor-widget-container\">\n\t\t\t\t\t\t\t\t\t<p>Uz\u0146\u0113mumu vada P\u0101vels Tsybenko, bezpilota tehnolo\u0123iju eksperts ar pla\u0161u pieredzi gan civilaj\u0101, gan milit\u0101raj\u0101 sektor\u0101. Pirms kara P\u0101vels vad\u012bja lielu akad\u0113miju bezpilota lidapar\u0101tu pilotu apm\u0101c\u012bbai kaujas misij\u0101m, kas k\u013cuva par l\u012bderi \u0161aj\u0101 jom\u0101. Savas karjeras laik\u0101 vi\u0146\u0161 ir apm\u0101c\u012bjis vair\u0101k nek\u0101 11 000 milit\u0101ro pilotu Ukrain\u0101, sagatavojot vi\u0146us bezpilota lidapar\u0101tu izmanto\u0161anai m\u016bsdienu kaujas scen\u0101rijos.  <\/p>\n<p>P\u0101vela vad\u012bb\u0101 SIA Dronariss operat\u012bvi rea\u0123\u0113 uz p\u0101rmai\u0146\u0101m Ukrainas front\u0113, izstr\u0101d\u0101jot un ievie\u0161ot jaunus risin\u0101jumus kaujas oper\u0101cij\u0101m. M\u016bsu uz\u0146\u0113mums akt\u012bvi sadarbojas ar Latvijas un Ukrainas bru\u0146otajiem sp\u0113kiem, pieg\u0101d\u0101jot FPV dronus &#8220;Kamikadze&#8221; un citus tehniskos risin\u0101jumus, kas piel\u0101goti aktu\u0101laj\u0101m kaujas vajadz\u012bb\u0101m. <\/p>\n<p>M\u0113s pied\u0101v\u0101jam ar\u012b specializ\u0113tus apm\u0101c\u012bbas kursus dronu pilotiem, kas paredz\u0113ti gan civiliem, gan milit\u0101riem m\u0113r\u0137iem. M\u016bsu m\u0101c\u012bbu programmas aptver pilnu dronu darb\u012bbas spektru, s\u0101kot no pilot\u0113\u0161anas pamatiema\u0146\u0101m l\u012bdz dronu b\u016bvei un konfigur\u0113\u0161anai no nulles. <\/p>\n\t\t\t\t\t\t\t\t<\/div>\n\t\t\t\t<\/div>\n\t\t\t\t<div class=\"elementor-element elementor-element-9fe2c94 elementor-widget elementor-widget-wpzoom-elementor-addons-team-members\" data-id=\"9fe2c94\" data-element_type=\"widget\" data-e-type=\"widget\" data-widget_type=\"wpzoom-elementor-addons-team-members.default\">\n\t\t\t\t<div class=\"elementor-widget-container\">\n\t\t\t\t\t\n\t\t\t\t\t<figure class=\"wpz-member-figure\">\n\t\t\t\t<img fetchpriority=\"high\" decoding=\"async\" width=\"930\" height=\"910\" src=\"https:\/\/dronariss.com\/wp-content\/uploads\/2024\/09\/photo_2024-09-26_00-34-53-1024x1002.jpg\" class=\"elementor-animation-disable-animation attachment-large size-large wp-image-5920\" alt=\"\" srcset=\"https:\/\/dronariss.com\/wp-content\/uploads\/2024\/09\/photo_2024-09-26_00-34-53-1024x1002.jpg 1024w, https:\/\/dronariss.com\/wp-content\/uploads\/2024\/09\/photo_2024-09-26_00-34-53-300x293.jpg 300w, https:\/\/dronariss.com\/wp-content\/uploads\/2024\/09\/photo_2024-09-26_00-34-53-768x751.jpg 768w, https:\/\/dronariss.com\/wp-content\/uploads\/2024\/09\/photo_2024-09-26_00-34-53-1000x978.jpg 1000w, https:\/\/dronariss.com\/wp-content\/uploads\/2024\/09\/photo_2024-09-26_00-34-53-573x560.jpg 573w, https:\/\/dronariss.com\/wp-content\/uploads\/2024\/09\/photo_2024-09-26_00-34-53-600x587.jpg 600w, https:\/\/dronariss.com\/wp-content\/uploads\/2024\/09\/photo_2024-09-26_00-34-53.jpg 1099w\" sizes=\"(max-width: 930px) 100vw, 930px\" \/>\t\t\t<\/figure>\n\t\t\n\t\t<div class=\"wpz-member-body\">\n\t\t\t<h2 class=\"wpz-member-name\"><b>Pavel Tsybenko<\/b><\/h2>\n\t\t\t\t\t\t\t<div class=\"wpz-member-position\">Founder and Director of the Company<\/div>\n\t\t\t\n\t\t\t\t\t\t\t<div class=\"wpz-member-bio\">\n\t\t\t\t\t<p>Our mission is to stay at the forefront of technological progress and help both civilian and military professionals use drones to tackle the most complex challenges.\u200b<\/p>\n\t\t\t\t<\/div>\n\t\t\t\n\t\t\t\n\t\t\t\t\t\t\t<div class=\"wpz-member-links\">\n\t\t\t\t\t<a target=\"_blank\" rel=\"noopener\" href=\"https:\/\/facebook.com\/\" class=\"elementor-repeater-item-3a43199\"><i class=\"fa-facebook fab\" aria-hidden=\"true\"><\/i><\/a><a target=\"_blank\" rel=\"noopener\" href=\"https:\/\/x.com\/\" class=\"elementor-repeater-item-ce5a48d\"><i class=\"fa-x-twitter fab\" aria-hidden=\"true\"><\/i><\/a><a target=\"_blank\" rel=\"noopener\" href=\"https:\/\/linkedin.com\/\" class=\"elementor-repeater-item-8ca188f\"><i class=\"fa-linkedin fab\" aria-hidden=\"true\"><\/i><\/a>\t\t\t\t<\/div>\n\t\t\t\n\t\t\t\t\t<\/div>\n\t\t\t\t\t\t<\/div>\n\t\t\t\t<\/div>\n\t\t\t\t\t<\/div>\n\t\t\t\t<\/div>\n\t\t<div class=\"elementor-element elementor-element-bdad581 e-flex e-con-boxed e-con e-parent\" data-id=\"bdad581\" data-element_type=\"container\" data-e-type=\"container\">\n\t\t\t\t\t<div class=\"e-con-inner\">\n\t\t\t\t\t<\/div>\n\t\t\t\t<\/div>\n\t\t\t\t<\/div>\n\t\t","protected":false},"excerpt":{"rendered":"<p>SIA Dronariss ir jauns, strauji augo\u0161s uz\u0146\u0113mums, kas dibin\u0101ts 2024. gad\u0101 Latvij\u0101. M\u0113s specializ\u0113jamies FPV kaujas dronu ra\u017eo\u0161an\u0101 un izstr\u0101d\u0113, k\u0101 ar\u012b sniedzam pla\u0161u konsult\u0101ciju un apm\u0101c\u012bbu pakalpojumu kl\u0101stu bezpilota lidapar\u0101tu (BPL) jom\u0101. Uz\u0146\u0113mumu vada P\u0101vels Tsybenko, bezpilota tehnolo\u0123iju eksperts ar pla\u0161u pieredzi gan civilaj\u0101, gan milit\u0101raj\u0101 sektor\u0101. Pirms kara P\u0101vels vad\u012bja lielu akad\u0113miju bezpilota lidapar\u0101tu pilotu apm\u0101c\u012bbai kaujas misij\u0101m, kas k\u013cuva par l\u012bderi \u0161aj\u0101 jom\u0101. Savas karjeras laik\u0101 vi\u0146\u0161 ir apm\u0101c\u012bjis vair\u0101k nek\u0101 11 [&hellip;]<\/p>\n","protected":false},"author":1,"featured_media":6578,"parent":0,"menu_order":0,"comment_status":"open","ping_status":"open","template":"","meta":{"inspiro_page_layout":"narrow","inspiro_hide_title":false,"footnotes":""},"class_list":["post-6790","page","type-page","status-publish","has-post-thumbnail","hentry"],"_links":{"self":[{"href":"https:\/\/dronariss.com\/lv\/wp-json\/wp\/v2\/pages\/6790","targetHints":{"allow":["GET"]}}],"collection":[{"href":"https:\/\/dronariss.com\/lv\/wp-json\/wp\/v2\/pages"}],"about":[{"href":"https:\/\/dronariss.com\/lv\/wp-json\/wp\/v2\/types\/page"}],"author":[{"embeddable":true,"href":"https:\/\/dronariss.com\/lv\/wp-json\/wp\/v2\/users\/1"}],"replies":[{"embeddable":true,"href":"https:\/\/dronariss.com\/lv\/wp-json\/wp\/v2\/comments?post=6790"}],"version-history":[{"count":1,"href":"https:\/\/dronariss.com\/lv\/wp-json\/wp\/v2\/pages\/6790\/revisions"}],"predecessor-version":[{"id":6792,"href":"https:\/\/dronariss.com\/lv\/wp-json\/wp\/v2\/pages\/6790\/revisions\/6792"}],"wp:featuredmedia":[{"embeddable":true,"href":"https:\/\/dronariss.com\/lv\/wp-json\/wp\/v2\/media\/6578"}],"wp:attachment":[{"href":"https:\/\/dronariss.com\/lv\/wp-json\/wp\/v2\/media?parent=6790"}],"curies":[{"name":"wp","href":"https:\/\/api.w.org\/{rel}","templated":true}]}}