{"id":6801,"date":"2015-01-14T11:54:17","date_gmt":"2015-01-14T11:54:17","guid":{"rendered":"https:\/\/dronariss.com\/musu-produkti\/"},"modified":"2025-08-02T16:03:25","modified_gmt":"2025-08-02T16:03:25","slug":"musu-produkti","status":"publish","type":"page","link":"https:\/\/dronariss.com\/lv\/musu-produkti\/","title":{"rendered":"M\u016bsu produkti"},"content":{"rendered":"\t\t<div data-elementor-type=\"wp-page\" data-elementor-id=\"6801\" class=\"elementor elementor-6801 elementor-32\">\n\t\t\t\t<div class=\"elementor-element elementor-element-166dfc30 e-flex e-con-boxed e-con e-parent\" data-id=\"166dfc30\" data-element_type=\"container\" data-e-type=\"container\">\n\t\t\t\t\t<div class=\"e-con-inner\">\n\t\t\t\t<div class=\"elementor-element elementor-element-701f1afd elementor-widget elementor-widget-text-editor\" data-id=\"701f1afd\" data-element_type=\"widget\" data-e-type=\"widget\" data-widget_type=\"text-editor.default\">\n\t\t\t\t<div class=\"elementor-widget-container\">\n\t\t\t\t\t\t\t\t\t<strong>SIA Dronariss: l\u012bderi progres\u012bvu dronu ra\u017eo\u0161an\u0101<\/strong>\n\nSIA Dronariss specializ\u0113jas m\u016bsdien\u012bgu bezpilota lidapar\u0101tu (dronu) izstr\u0101d\u0113 un ra\u017eo\u0161an\u0101 gan civiliem, gan milit\u0101riem m\u0113r\u0137iem. M\u016bsu dronos apvienotas inovat\u012bvas tehnolo\u0123ijas, augsta veiktsp\u0113ja un \u0113rta lieto\u0161ana. M\u0113s rad\u0101m FPV dronus sare\u017e\u0123\u012bt\u0101m milit\u0101r\u0101m oper\u0101cij\u0101m, k\u0101 ar\u012b specializ\u0113tus dronus civil\u0101m vajadz\u012bb\u0101m, piem\u0113ram, kart\u0113\u0161anai un monitoringam.  \n\n\n<h3><strong>1. FPV &#8220;kamikadzes&#8221; droni milit\u0101r\u0101m oper\u0101cij\u0101m<\/strong><\/h3>\nViens no SIA Dronariss galvenajiem produktiem ir FPV (First-Person View) droni, ko pla\u0161i izmanto kaujas lauk\u0101. M\u0113s ra\u017eojam &#8220;kamikadzes&#8221; dronus, kas paredz\u0113ti augstas precizit\u0101tes triecieniem pret ienaidnieku. \u0160ie droni ir apr\u012bkoti ar modern\u0101m kamer\u0101m un vad\u012bbas sist\u0113m\u0101m, kas \u013cauj operatoriem kontrol\u0113t dronu re\u0101laj\u0101 laik\u0101. M\u016bsu FPV dronos apvienota manevr\u0113tsp\u0113ja, uzticam\u012bba un liela trieciena jauda, padarot tos par neaizst\u0101jamu instrumentu milit\u0101raj\u0101s oper\u0101cij\u0101s.   \n<h3><strong>2. Bezpilota lidapar\u0101ti izl\u016bko\u0161anai un artil\u0113rijas uguns regul\u0113\u0161anai<\/strong><\/h3>\nM\u0113s ra\u017eojam ar\u012b bezpilota lidapar\u0101tus, kas paredz\u0113ti izl\u016bko\u0161anai un artil\u0113rijas uguns regul\u0113\u0161anai. \u0160ie droni ir apr\u012bkoti ar augstas iz\u0161\u0137irtsp\u0113jas kamer\u0101m un stabiliz\u0101cijas sist\u0113m\u0101m, kas nodro\u0161ina prec\u012bzus datus par ienaidnieka poz\u012bcij\u0101m un \u013cauj prec\u012bzi m\u0113r\u0137\u0113t artil\u0113riju. \u012apa\u0161i j\u0101atz\u012bm\u0113, ka m\u016bsu droniem ir liela lidojuma iztur\u012bba un tie ir iztur\u012bgi pret skarbiem laikapst\u0101k\u013ciem.  \n<h3><strong>3. Civilie bezpilota lidapar\u0101ti kart\u0113\u0161anai un uzraudz\u012bbai<\/strong><\/h3>\nPapildus milit\u0101rajiem droniem SIA Dronariss pied\u0101v\u0101 risin\u0101jumus ar\u012b civilajam sektoram. M\u016bsu dronus izmanto LiDAR apsekojumiem, kart\u0113\u0161anai un me\u017eu un lauksaimniec\u012bbas zemju monitoringam. Tie nodro\u0161ina augstu precizit\u0101ti un var darboties vissare\u017e\u0123\u012bt\u0101kajos apst\u0101k\u013cos. \u0160os dronus akt\u012bvi izmanto dabas resursu apsaimnieko\u0161an\u0101, infrastrukt\u016bras uzraudz\u012bb\u0101 un vides aizsardz\u012bb\u0101.   \n<h3><strong>4. Piel\u0101gotie risin\u0101jumi un izstr\u0101de<\/strong><\/h3>\nSIA Dronariss pied\u0101v\u0101 ar\u012b piel\u0101gotus dronu risin\u0101jumus, kas piel\u0101goti klienta vajadz\u012bb\u0101m. M\u0113s cie\u0161i sadarbojamies ar milit\u0101rajiem un r\u016bpnieciskajiem partneriem, lai rad\u012btu dronus ar unik\u0101l\u0101m specifik\u0101cij\u0101m, kas atbilst konkr\u0113tiem uzdevumiem un pras\u012bb\u0101m. \t\t\t\t\t\t\t\t<\/div>\n\t\t\t\t<\/div>\n\t\t\t\t\t<\/div>\n\t\t\t\t<\/div>\n\t\t<div class=\"elementor-element elementor-element-2ae1e2f e-flex e-con-boxed e-con e-parent\" data-id=\"2ae1e2f\" data-element_type=\"container\" data-e-type=\"container\">\n\t\t\t\t\t<div class=\"e-con-inner\">\n\t\t<div class=\"elementor-element elementor-element-ebea881 e-con-full e-flex e-con e-child\" data-id=\"ebea881\" data-element_type=\"container\" data-e-type=\"container\">\n\t\t\t\t<div class=\"elementor-element elementor-element-e40d3e4 elementor-widget elementor-widget-image\" data-id=\"e40d3e4\" data-element_type=\"widget\" data-e-type=\"widget\" data-widget_type=\"image.default\">\n\t\t\t\t<div class=\"elementor-widget-container\">\n\t\t\t\t\t\t\t\t\t\t\t\t<figure class=\"wp-caption\">\n\t\t\t\t\t\t\t\t\t\t\t<a href=\"https:\/\/dronariss.com\/lv\/specifikacija-perkons-7\/\">\n\t\t\t\t\t\t\t<img fetchpriority=\"high\" decoding=\"async\" width=\"930\" height=\"698\" src=\"https:\/\/dronariss.com\/wp-content\/uploads\/2015\/01\/13ead1a4-20cc-499c-8f7c-30ec88859367-1024x768.png\" class=\"attachment-large size-large wp-image-6028\" alt=\"\" srcset=\"https:\/\/dronariss.com\/wp-content\/uploads\/2015\/01\/13ead1a4-20cc-499c-8f7c-30ec88859367-1024x768.png 1024w, https:\/\/dronariss.com\/wp-content\/uploads\/2015\/01\/13ead1a4-20cc-499c-8f7c-30ec88859367-300x225.png 300w, https:\/\/dronariss.com\/wp-content\/uploads\/2015\/01\/13ead1a4-20cc-499c-8f7c-30ec88859367-768x576.png 768w, https:\/\/dronariss.com\/wp-content\/uploads\/2015\/01\/13ead1a4-20cc-499c-8f7c-30ec88859367-1536x1152.png 1536w, https:\/\/dronariss.com\/wp-content\/uploads\/2015\/01\/13ead1a4-20cc-499c-8f7c-30ec88859367-2048x1536.png 2048w, https:\/\/dronariss.com\/wp-content\/uploads\/2015\/01\/13ead1a4-20cc-499c-8f7c-30ec88859367-2000x1500.png 2000w, https:\/\/dronariss.com\/wp-content\/uploads\/2015\/01\/13ead1a4-20cc-499c-8f7c-30ec88859367-1000x750.png 1000w, https:\/\/dronariss.com\/wp-content\/uploads\/2015\/01\/13ead1a4-20cc-499c-8f7c-30ec88859367-1800x1350.png 1800w, https:\/\/dronariss.com\/wp-content\/uploads\/2015\/01\/13ead1a4-20cc-499c-8f7c-30ec88859367-747x560.png 747w, https:\/\/dronariss.com\/wp-content\/uploads\/2015\/01\/13ead1a4-20cc-499c-8f7c-30ec88859367-600x450.png 600w\" sizes=\"(max-width: 930px) 100vw, 930px\" \/>\t\t\t\t\t\t\t\t<\/a>\n\t\t\t\t\t\t\t\t\t\t\t<figcaption class=\"widget-image-caption wp-caption-text\">  7\"<\/figcaption>\n\t\t\t\t\t\t\t\t\t\t<\/figure>\n\t\t\t\t\t\t\t\t\t<\/div>\n\t\t\t\t<\/div>\n\t\t\t\t<\/div>\n\t\t<div class=\"elementor-element elementor-element-a5baad0 e-con-full e-flex e-con e-child\" data-id=\"a5baad0\" data-element_type=\"container\" data-e-type=\"container\">\n\t\t\t\t<div class=\"elementor-element elementor-element-7078058 elementor-widget elementor-widget-image\" data-id=\"7078058\" data-element_type=\"widget\" data-e-type=\"widget\" data-widget_type=\"image.default\">\n\t\t\t\t<div class=\"elementor-widget-container\">\n\t\t\t\t\t\t\t\t\t\t\t\t<figure class=\"wp-caption\">\n\t\t\t\t\t\t\t\t\t\t\t<a href=\"https:\/\/dronariss.com\/lv\/perkons-10\/\">\n\t\t\t\t\t\t\t<img decoding=\"async\" width=\"930\" height=\"753\" src=\"https:\/\/dronariss.com\/wp-content\/uploads\/2024\/09\/photo_2_2024-07-20_02-38-01.jpg\" class=\"attachment-large size-large wp-image-6059\" alt=\"\" srcset=\"https:\/\/dronariss.com\/wp-content\/uploads\/2024\/09\/photo_2_2024-07-20_02-38-01.jpg 930w, https:\/\/dronariss.com\/wp-content\/uploads\/2024\/09\/photo_2_2024-07-20_02-38-01-300x243.jpg 300w, https:\/\/dronariss.com\/wp-content\/uploads\/2024\/09\/photo_2_2024-07-20_02-38-01-768x622.jpg 768w, https:\/\/dronariss.com\/wp-content\/uploads\/2024\/09\/photo_2_2024-07-20_02-38-01-692x560.jpg 692w, https:\/\/dronariss.com\/wp-content\/uploads\/2024\/09\/photo_2_2024-07-20_02-38-01-600x486.jpg 600w\" sizes=\"(max-width: 930px) 100vw, 930px\" \/>\t\t\t\t\t\t\t\t<\/a>\n\t\t\t\t\t\t\t\t\t\t\t<figcaption class=\"widget-image-caption wp-caption-text\">  10\"<\/figcaption>\n\t\t\t\t\t\t\t\t\t\t<\/figure>\n\t\t\t\t\t\t\t\t\t<\/div>\n\t\t\t\t<\/div>\n\t\t\t\t<\/div>\n\t\t<div class=\"elementor-element elementor-element-fb8e4a7 e-con-full e-flex e-con e-child\" data-id=\"fb8e4a7\" data-element_type=\"container\" data-e-type=\"container\">\n\t\t\t\t<div class=\"elementor-element elementor-element-00746ac elementor-widget elementor-widget-image\" data-id=\"00746ac\" data-element_type=\"widget\" data-e-type=\"widget\" data-widget_type=\"image.default\">\n\t\t\t\t<div class=\"elementor-widget-container\">\n\t\t\t\t\t\t\t\t\t\t\t\t<figure class=\"wp-caption\">\n\t\t\t\t\t\t\t\t\t\t\t<a href=\"https:\/\/dronariss.com\/lv\/specifikacijamanta10\/\">\n\t\t\t\t\t\t\t<img decoding=\"async\" width=\"695\" height=\"727\" src=\"https:\/\/dronariss.com\/wp-content\/uploads\/2024\/09\/photo_3_2024-07-20_02-38-01.jpg\" class=\"attachment-large size-large wp-image-6079\" alt=\"\" srcset=\"https:\/\/dronariss.com\/wp-content\/uploads\/2024\/09\/photo_3_2024-07-20_02-38-01.jpg 695w, https:\/\/dronariss.com\/wp-content\/uploads\/2024\/09\/photo_3_2024-07-20_02-38-01-287x300.jpg 287w, https:\/\/dronariss.com\/wp-content\/uploads\/2024\/09\/photo_3_2024-07-20_02-38-01-535x560.jpg 535w, https:\/\/dronariss.com\/wp-content\/uploads\/2024\/09\/photo_3_2024-07-20_02-38-01-600x628.jpg 600w\" sizes=\"(max-width: 695px) 100vw, 695px\" \/>\t\t\t\t\t\t\t\t<\/a>\n\t\t\t\t\t\t\t\t\t\t\t<figcaption class=\"widget-image-caption wp-caption-text\">MANTA10\"<\/figcaption>\n\t\t\t\t\t\t\t\t\t\t<\/figure>\n\t\t\t\t\t\t\t\t\t<\/div>\n\t\t\t\t<\/div>\n\t\t\t\t<\/div>\n\t\t\t\t\t<\/div>\n\t\t\t\t<\/div>\n\t\t\t\t<\/div>\n\t\t","protected":false},"excerpt":{"rendered":"<p>SIA Dronariss: l\u012bderi progres\u012bvu dronu ra\u017eo\u0161an\u0101 SIA Dronariss specializ\u0113jas m\u016bsdien\u012bgu bezpilota lidapar\u0101tu (dronu) izstr\u0101d\u0113 un ra\u017eo\u0161an\u0101 gan civiliem, gan milit\u0101riem m\u0113r\u0137iem. M\u016bsu dronos apvienotas inovat\u012bvas tehnolo\u0123ijas, augsta veiktsp\u0113ja un \u0113rta lieto\u0161ana. M\u0113s rad\u0101m FPV dronus sare\u017e\u0123\u012bt\u0101m milit\u0101r\u0101m oper\u0101cij\u0101m, k\u0101 ar\u012b specializ\u0113tus dronus civil\u0101m vajadz\u012bb\u0101m, piem\u0113ram, kart\u0113\u0161anai un monitoringam. 1. FPV &#8220;kamikadzes&#8221; droni milit\u0101r\u0101m oper\u0101cij\u0101m Viens no SIA Dronariss galvenajiem produktiem ir FPV (First-Person View) droni, ko pla\u0161i izmanto kaujas lauk\u0101. M\u0113s ra\u017eojam &#8220;kamikadzes&#8221; dronus, kas [&hellip;]<\/p>\n","protected":false},"author":1,"featured_media":6592,"parent":0,"menu_order":0,"comment_status":"open","ping_status":"closed","template":"","meta":{"inspiro_page_layout":"narrow","inspiro_hide_title":false,"footnotes":""},"class_list":["post-6801","page","type-page","status-publish","has-post-thumbnail","hentry"],"_links":{"self":[{"href":"https:\/\/dronariss.com\/lv\/wp-json\/wp\/v2\/pages\/6801","targetHints":{"allow":["GET"]}}],"collection":[{"href":"https:\/\/dronariss.com\/lv\/wp-json\/wp\/v2\/pages"}],"about":[{"href":"https:\/\/dronariss.com\/lv\/wp-json\/wp\/v2\/types\/page"}],"author":[{"embeddable":true,"href":"https:\/\/dronariss.com\/lv\/wp-json\/wp\/v2\/users\/1"}],"replies":[{"embeddable":true,"href":"https:\/\/dronariss.com\/lv\/wp-json\/wp\/v2\/comments?post=6801"}],"version-history":[{"count":4,"href":"https:\/\/dronariss.com\/lv\/wp-json\/wp\/v2\/pages\/6801\/revisions"}],"predecessor-version":[{"id":7476,"href":"https:\/\/dronariss.com\/lv\/wp-json\/wp\/v2\/pages\/6801\/revisions\/7476"}],"wp:featuredmedia":[{"embeddable":true,"href":"https:\/\/dronariss.com\/lv\/wp-json\/wp\/v2\/media\/6592"}],"wp:attachment":[{"href":"https:\/\/dronariss.com\/lv\/wp-json\/wp\/v2\/media?parent=6801"}],"curies":[{"name":"wp","href":"https:\/\/api.w.org\/{rel}","templated":true}]}}