{"id":6819,"date":"2024-09-29T23:32:27","date_gmt":"2024-09-29T23:32:27","guid":{"rendered":"https:\/\/dronariss.com\/specifikacijamanta10\/"},"modified":"2024-11-06T12:32:00","modified_gmt":"2024-11-06T12:32:00","slug":"specifikacijamanta10","status":"publish","type":"page","link":"https:\/\/dronariss.com\/lv\/specifikacijamanta10\/","title":{"rendered":"SPECIFIK\u0100CIJAMANTA10&#8243;"},"content":{"rendered":"\t\t<div data-elementor-type=\"wp-page\" data-elementor-id=\"6819\" class=\"elementor elementor-6819 elementor-6077\">\n\t\t\t\t<div class=\"elementor-element elementor-element-f78d36f e-flex e-con-boxed e-con e-parent\" data-id=\"f78d36f\" data-element_type=\"container\" data-e-type=\"container\">\n\t\t\t\t\t<div class=\"e-con-inner\">\n\t\t\t\t<div class=\"elementor-element elementor-element-29f3489 elementor-widget elementor-widget-text-editor\" data-id=\"29f3489\" data-element_type=\"widget\" data-e-type=\"widget\" data-widget_type=\"text-editor.default\">\n\t\t\t\t<div class=\"elementor-widget-container\">\n\t\t\t\t\t\t\t\t\t<ul>\n<li><br>Lidojuma kontrolieris: F405<\/li>\n<li>Video raid\u012bt\u0101js: 3.3W<\/li>\n<li>Kamera: Caddx 1H 1200TVL<\/li>\n<li>Termokameras iz\u0161\u0137irtsp\u0113ja: 256&#215;192<\/li>\n<li>Elektroniskais \u0101truma regulators (ESC): 60A 4-in-1<\/li>\n<li>Dzin\u0113ji: 3115-900KV<\/li>\n<li>Propelleri: HQ 10x5x3<\/li>\n<li>Radiosakari: ELRS da\u017e\u0101d\u012bbas uztv\u0113r\u0113js (915MHz \/ 868MHz)<\/li>\n<li>Komplekt\u0101 ietilpst:<br>Drons<br>Propelleru komplekts<br>3.3G raid\u012bt\u0101js\/uztv\u0113r\u0113js<br>Ierakst\u012b\u0161anas plate<br>RHCP antena<br>Siksnu komplekts<br>6S2P 8400Ah akumulators<br>Kravas atbr\u012bvo\u0161anas sist\u0113ma vienai vai div\u0101m mun\u012bcij\u0101m.<\/li>\n<\/ul>\t\t\t\t\t\t\t\t<\/div>\n\t\t\t\t<\/div>\n\t\t<div class=\"elementor-element elementor-element-10aced2 e-con-full e-flex e-con e-child\" data-id=\"10aced2\" data-element_type=\"container\" data-e-type=\"container\">\n\t\t\t\t<div class=\"elementor-element elementor-element-1ac2954 elementor-widget elementor-widget-image\" data-id=\"1ac2954\" data-element_type=\"widget\" data-e-type=\"widget\" data-widget_type=\"image.default\">\n\t\t\t\t<div class=\"elementor-widget-container\">\n\t\t\t\t\t\t\t\t\t\t\t\t\t\t\t<img fetchpriority=\"high\" decoding=\"async\" width=\"695\" height=\"727\" src=\"https:\/\/dronariss.com\/wp-content\/uploads\/2024\/09\/photo_3_2024-07-20_02-38-01.jpg\" class=\"attachment-large size-large wp-image-6079\" alt=\"\" srcset=\"https:\/\/dronariss.com\/wp-content\/uploads\/2024\/09\/photo_3_2024-07-20_02-38-01.jpg 695w, https:\/\/dronariss.com\/wp-content\/uploads\/2024\/09\/photo_3_2024-07-20_02-38-01-287x300.jpg 287w, https:\/\/dronariss.com\/wp-content\/uploads\/2024\/09\/photo_3_2024-07-20_02-38-01-535x560.jpg 535w, https:\/\/dronariss.com\/wp-content\/uploads\/2024\/09\/photo_3_2024-07-20_02-38-01-600x628.jpg 600w\" sizes=\"(max-width: 695px) 100vw, 695px\" \/>\t\t\t\t\t\t\t\t\t\t\t\t\t\t\t<\/div>\n\t\t\t\t<\/div>\n\t\t\t\t<\/div>\n\t\t\t\t\t<\/div>\n\t\t\t\t<\/div>\n\t\t<div class=\"elementor-element elementor-element-40069d86 e-flex e-con-boxed e-con e-parent\" data-id=\"40069d86\" data-element_type=\"container\" data-e-type=\"container\">\n\t\t\t\t\t<div class=\"e-con-inner\">\n\t\t\t\t<div class=\"elementor-element elementor-element-7e79df2e elementor-widget elementor-widget-text-editor\" data-id=\"7e79df2e\" data-element_type=\"widget\" data-e-type=\"widget\" data-widget_type=\"text-editor.default\">\n\t\t\t\t<div class=\"elementor-widget-container\">\n\t\t\t\t\t\t\t\t\t\n<p>Galven\u0101 ideja ir izveidot 10 collu<br>bezpilota lidapar\u0101tu re\u0101l\u0101m kauj\u0101m ar \u0161\u0101d\u0101m<br>funkcij\u0101m.<\/p>\n\n\n\n<p>Augstas kvalit\u0101tes lidojuma kontrolieri<br>stabilit\u0101tei<br>Uzlabotas FPV kameras da\u017e\u0101diem<br>apst\u0101k\u013ciem<br>Piel\u0101goti video raid\u012bt\u0101ji un<br>uztv\u0113r\u0113ji nestandarta frekvenc\u0113m<br>\u012apa\u0161as LiPo baterijas lab\u0101kai<br>svara un jaudas attiec\u012bbai<br>Nolai\u0161anas sist\u0113mas<br>m\u012bnu transport\u0113\u0161anai<br>\u0160is piel\u0101gotais FPV drons b\u016bs<br>iztur\u012bgs pret radio trauc\u0113jumiem, sp\u0113s veikt<br>\u0101trus izl\u016bko\u0161anas lidojumus un<br>nog\u0101d\u0101t smagu mun\u012bciju, nodro\u0161inot<br>iev\u0113rojamu ietekmi kaujas lauk\u0101 par m\u0113ren\u0101m<br>izmaks\u0101m.<\/p>\n\t\t\t\t\t\t\t\t<\/div>\n\t\t\t\t<\/div>\n\t\t\t\t\t<\/div>\n\t\t\t\t<\/div>\n\t\t<div class=\"elementor-element elementor-element-2956e64 e-flex e-con-boxed e-con e-parent\" data-id=\"2956e64\" data-element_type=\"container\" data-e-type=\"container\">\n\t\t\t\t\t<div class=\"e-con-inner\">\n\t\t\t\t\t<\/div>\n\t\t\t\t<\/div>\n\t\t\t\t<\/div>\n\t\t","protected":false},"excerpt":{"rendered":"<p>Lidojuma kontrolieris: F405 Video raid\u012bt\u0101js: 3.3W Kamera: Caddx 1H 1200TVL Termokameras iz\u0161\u0137irtsp\u0113ja: 256&#215;192 Elektroniskais \u0101truma regulators (ESC): 60A 4-in-1 Dzin\u0113ji: 3115-900KV Propelleri: HQ 10x5x3 Radiosakari: ELRS da\u017e\u0101d\u012bbas uztv\u0113r\u0113js (915MHz \/ 868MHz) Komplekt\u0101 ietilpst:DronsPropelleru komplekts3.3G raid\u012bt\u0101js\/uztv\u0113r\u0113jsIerakst\u012b\u0161anas plateRHCP antenaSiksnu komplekts6S2P 8400Ah akumulatorsKravas atbr\u012bvo\u0161anas sist\u0113ma vienai vai div\u0101m mun\u012bcij\u0101m. Galven\u0101 ideja ir izveidot 10 collubezpilota lidapar\u0101tu re\u0101l\u0101m kauj\u0101m ar \u0161\u0101d\u0101mfunkcij\u0101m. Augstas kvalit\u0101tes lidojuma kontrolieristabilit\u0101teiUzlabotas FPV kameras da\u017e\u0101diemapst\u0101k\u013ciemPiel\u0101goti video raid\u012bt\u0101ji unuztv\u0113r\u0113ji nestandarta frekvenc\u0113m\u012apa\u0161as LiPo baterijas lab\u0101kaisvara un jaudas attiec\u012bbaiNolai\u0161anas [&hellip;]<\/p>\n","protected":false},"author":1,"featured_media":0,"parent":0,"menu_order":0,"comment_status":"closed","ping_status":"closed","template":"","meta":{"inspiro_page_layout":"narrow","inspiro_hide_title":false,"footnotes":""},"class_list":["post-6819","page","type-page","status-publish","hentry"],"_links":{"self":[{"href":"https:\/\/dronariss.com\/lv\/wp-json\/wp\/v2\/pages\/6819","targetHints":{"allow":["GET"]}}],"collection":[{"href":"https:\/\/dronariss.com\/lv\/wp-json\/wp\/v2\/pages"}],"about":[{"href":"https:\/\/dronariss.com\/lv\/wp-json\/wp\/v2\/types\/page"}],"author":[{"embeddable":true,"href":"https:\/\/dronariss.com\/lv\/wp-json\/wp\/v2\/users\/1"}],"replies":[{"embeddable":true,"href":"https:\/\/dronariss.com\/lv\/wp-json\/wp\/v2\/comments?post=6819"}],"version-history":[{"count":3,"href":"https:\/\/dronariss.com\/lv\/wp-json\/wp\/v2\/pages\/6819\/revisions"}],"predecessor-version":[{"id":6822,"href":"https:\/\/dronariss.com\/lv\/wp-json\/wp\/v2\/pages\/6819\/revisions\/6822"}],"wp:attachment":[{"href":"https:\/\/dronariss.com\/lv\/wp-json\/wp\/v2\/media?parent=6819"}],"curies":[{"name":"wp","href":"https:\/\/api.w.org\/{rel}","templated":true}]}}