{"id":6828,"date":"2024-09-29T23:17:23","date_gmt":"2024-09-29T23:17:23","guid":{"rendered":"https:\/\/dronariss.com\/perkons-10\/"},"modified":"2025-08-02T16:11:25","modified_gmt":"2025-08-02T16:11:25","slug":"perkons-10","status":"publish","type":"page","link":"https:\/\/dronariss.com\/lv\/perkons-10\/","title":{"rendered":"10&#8243;"},"content":{"rendered":"\t\t<div data-elementor-type=\"wp-page\" data-elementor-id=\"6828\" class=\"elementor elementor-6828 elementor-6061\">\n\t\t\t\t<div class=\"elementor-element elementor-element-bb98650 e-flex e-con-boxed e-con e-parent\" data-id=\"bb98650\" data-element_type=\"container\" data-e-type=\"container\">\n\t\t\t\t\t<div class=\"e-con-inner\">\n\t\t<div class=\"elementor-element elementor-element-b1678e8 e-con-full e-flex e-con e-child\" data-id=\"b1678e8\" data-element_type=\"container\" data-e-type=\"container\">\n\t\t\t\t<div class=\"elementor-element elementor-element-34b56e61 elementor-widget elementor-widget-text-editor\" data-id=\"34b56e61\" data-element_type=\"widget\" data-e-type=\"widget\" data-widget_type=\"text-editor.default\">\n\t\t\t\t<div class=\"elementor-widget-container\">\n\t\t\t\t\t\t\t\t\t<p>SPECIFIK\u0100CIJA<\/p><ul><li>Lidojuma kontrolieris: F405<\/li><li>Video raid\u012bt\u0101js: 2.5W<\/li><li>Kamera: Caddx 1H 1200TVL<\/li><li>Elektroniskais \u0101truma regulators (ESC): 60A 4in1<\/li><li>Dzin\u0113ji: 3115-900KV<\/li><li>Propelleri: HQ10x5x3<\/li><li>Radiosakari: TBS Crossfire\/ Nano RX Komplekt\u0101 ietilpst:<br \/>Drons<br \/>Propelleru komplekts<br \/>5.8G LHCP antena<br \/>Siksnu komplekts.<\/li><\/ul>\t\t\t\t\t\t\t\t<\/div>\n\t\t\t\t<\/div>\n\t\t\t\t<\/div>\n\t\t<div class=\"elementor-element elementor-element-858cc31 e-con-full e-flex e-con e-child\" data-id=\"858cc31\" data-element_type=\"container\" data-e-type=\"container\">\n\t\t\t\t<div class=\"elementor-element elementor-element-0987900 elementor-widget elementor-widget-image\" data-id=\"0987900\" data-element_type=\"widget\" data-e-type=\"widget\" data-widget_type=\"image.default\">\n\t\t\t\t<div class=\"elementor-widget-container\">\n\t\t\t\t\t\t\t\t\t\t\t\t\t\t\t<img fetchpriority=\"high\" decoding=\"async\" width=\"930\" height=\"753\" src=\"https:\/\/dronariss.com\/wp-content\/uploads\/2024\/09\/photo_2_2024-07-20_02-38-01.jpg\" class=\"attachment-large size-large wp-image-6059\" alt=\"\" srcset=\"https:\/\/dronariss.com\/wp-content\/uploads\/2024\/09\/photo_2_2024-07-20_02-38-01.jpg 930w, https:\/\/dronariss.com\/wp-content\/uploads\/2024\/09\/photo_2_2024-07-20_02-38-01-300x243.jpg 300w, https:\/\/dronariss.com\/wp-content\/uploads\/2024\/09\/photo_2_2024-07-20_02-38-01-768x622.jpg 768w, https:\/\/dronariss.com\/wp-content\/uploads\/2024\/09\/photo_2_2024-07-20_02-38-01-692x560.jpg 692w, https:\/\/dronariss.com\/wp-content\/uploads\/2024\/09\/photo_2_2024-07-20_02-38-01-600x486.jpg 600w\" sizes=\"(max-width: 930px) 100vw, 930px\" \/>\t\t\t\t\t\t\t\t\t\t\t\t\t\t\t<\/div>\n\t\t\t\t<\/div>\n\t\t\t\t<\/div>\n\t\t\t\t\t<\/div>\n\t\t\t\t<\/div>\n\t\t<div class=\"elementor-element elementor-element-9a7c886 e-con-full e-flex e-con e-parent\" data-id=\"9a7c886\" data-element_type=\"container\" data-e-type=\"container\">\n\t\t\t\t<div class=\"elementor-element elementor-element-6798bd4 elementor-widget__width-initial elementor-widget elementor-widget-text-editor\" data-id=\"6798bd4\" data-element_type=\"widget\" data-e-type=\"widget\" data-widget_type=\"text-editor.default\">\n\t\t\t\t<div class=\"elementor-widget-container\">\n\t\t\t\t\t\t\t\t\t<p style=\"text-align: left; padding-left: 80px;\"><strong>Galven\u0101 ideja<\/strong> ir izveidot 10 collu bezpilota lidapar\u0101tu re\u0101l\u0101m kauj\u0101m ar \u0161\u0101d\u0101m iez\u012bm\u0113m.<\/p>\n<p>\u0160is piel\u0101gotais FPV drons b\u016bs<br \/>iztur\u012bgs pret radiotrauc\u0113jumiem, sp\u0113s veikt<br \/>\u0101trus izl\u016bko\u0161anas lidojumus un<br \/>pieg\u0101d\u0101t smagu mun\u012bciju, nodro\u0161inot<br \/>iev\u0113rojamu ietekmi kaujas lauk\u0101 ar<br \/>m\u0113ren\u0101m izmaks\u0101m.<\/p>\n\t\t\t\t\t\t\t\t<\/div>\n\t\t\t\t<\/div>\n\t\t\t\t<div class=\"elementor-element elementor-element-f6a8024 elementor-widget elementor-widget-wpzoom-elementor-addons-carousel\" data-id=\"f6a8024\" data-element_type=\"widget\" data-e-type=\"widget\" data-settings=\"{&quot;animation_speed&quot;:300,&quot;autoplay&quot;:&quot;yes&quot;,&quot;autoplay_speed&quot;:3000,&quot;loop&quot;:&quot;yes&quot;,&quot;navigation&quot;:&quot;arrow&quot;,&quot;slides_to_show&quot;:4,&quot;slides_to_show_tablet&quot;:3,&quot;slides_to_show_mobile&quot;:2}\" data-widget_type=\"wpzoom-elementor-addons-carousel.default\">\n\t\t\t\t<div class=\"elementor-widget-container\">\n\t\t\t\t\t<div class=\"wpzjs-slick wpz-slick wpz-slick--carousel\">\n\n\t\t\t\n\t\t\t\t<div class=\"wpz-slick-slide\">\n\t\t\t\t\t<div class=\"wpz-slick-item\">\n\t\t\t\t\t\t\t\t\t\t\t\t\t<img decoding=\"async\" class=\"wpz-slick-img\" src=\"https:\/\/dronariss.com\/wp-content\/plugins\/elementor\/assets\/images\/placeholder.png\" alt=\"\">\n\t\t\t\t\t\t\n\t\t\t\t\t\t\t\t\t\t\t<\/div>\n\t\t\t\t<\/div>\n\n\t\t\t\n\t\t\t\t<div class=\"wpz-slick-slide\">\n\t\t\t\t\t<div class=\"wpz-slick-item\">\n\t\t\t\t\t\t\t\t\t\t\t\t\t<img decoding=\"async\" class=\"wpz-slick-img\" src=\"https:\/\/dronariss.com\/wp-content\/plugins\/elementor\/assets\/images\/placeholder.png\" alt=\"\">\n\t\t\t\t\t\t\n\t\t\t\t\t\t\t\t\t\t\t<\/div>\n\t\t\t\t<\/div>\n\n\t\t\t\n\t\t\t\t<div class=\"wpz-slick-slide\">\n\t\t\t\t\t<div class=\"wpz-slick-item\">\n\t\t\t\t\t\t\t\t\t\t\t\t\t<img decoding=\"async\" class=\"wpz-slick-img\" src=\"https:\/\/dronariss.com\/wp-content\/plugins\/elementor\/assets\/images\/placeholder.png\" alt=\"\">\n\t\t\t\t\t\t\n\t\t\t\t\t\t\t\t\t\t\t<\/div>\n\t\t\t\t<\/div>\n\n\t\t\t\n\t\t\t\t<div class=\"wpz-slick-slide\">\n\t\t\t\t\t<div class=\"wpz-slick-item\">\n\t\t\t\t\t\t\t\t\t\t\t\t\t<img decoding=\"async\" class=\"wpz-slick-img\" src=\"https:\/\/dronariss.com\/wp-content\/plugins\/elementor\/assets\/images\/placeholder.png\" alt=\"\">\n\t\t\t\t\t\t\n\t\t\t\t\t\t\t\t\t\t\t<\/div>\n\t\t\t\t<\/div>\n\n\t\t\t\n\t\t\t\t<div class=\"wpz-slick-slide\">\n\t\t\t\t\t<div class=\"wpz-slick-item\">\n\t\t\t\t\t\t\t\t\t\t\t\t\t<img decoding=\"async\" class=\"wpz-slick-img\" src=\"https:\/\/dronariss.com\/wp-content\/plugins\/elementor\/assets\/images\/placeholder.png\" alt=\"\">\n\t\t\t\t\t\t\n\t\t\t\t\t\t\t\t\t\t\t<\/div>\n\t\t\t\t<\/div>\n\n\t\t\t\n\t\t\t\t<div class=\"wpz-slick-slide\">\n\t\t\t\t\t<div class=\"wpz-slick-item\">\n\t\t\t\t\t\t\t\t\t\t\t\t\t<img decoding=\"async\" class=\"wpz-slick-img\" src=\"https:\/\/dronariss.com\/wp-content\/plugins\/elementor\/assets\/images\/placeholder.png\" alt=\"\">\n\t\t\t\t\t\t\n\t\t\t\t\t\t\t\t\t\t\t<\/div>\n\t\t\t\t<\/div>\n\n\t\t\t\n\t\t\t\t<div class=\"wpz-slick-slide\">\n\t\t\t\t\t<div class=\"wpz-slick-item\">\n\t\t\t\t\t\t\t\t\t\t\t\t\t<img decoding=\"async\" class=\"wpz-slick-img\" src=\"https:\/\/dronariss.com\/wp-content\/plugins\/elementor\/assets\/images\/placeholder.png\" alt=\"\">\n\t\t\t\t\t\t\n\t\t\t\t\t\t\t\t\t\t\t<\/div>\n\t\t\t\t<\/div>\n\n\t\t\t\n\t\t<\/div>\n\n\t\t\t\t\t<button type=\"button\" class=\"slick-prev\"><svg aria-hidden=\"true\" class=\"e-font-icon-svg e-fas-chevron-left\" viewBox=\"0 0 320 512\" xmlns=\"http:\/\/www.w3.org\/2000\/svg\"><path d=\"M34.52 239.03L228.87 44.69c9.37-9.37 24.57-9.37 33.94 0l22.67 22.67c9.36 9.36 9.37 24.52.04 33.9L131.49 256l154.02 154.75c9.34 9.38 9.32 24.54-.04 33.9l-22.67 22.67c-9.37 9.37-24.57 9.37-33.94 0L34.52 272.97c-9.37-9.37-9.37-24.57 0-33.94z\"><\/path><\/svg><\/button>\n\t\t\n\t\t\t\t\t<button type=\"button\" class=\"slick-next\"><svg aria-hidden=\"true\" class=\"e-font-icon-svg e-fas-chevron-right\" viewBox=\"0 0 320 512\" xmlns=\"http:\/\/www.w3.org\/2000\/svg\"><path d=\"M285.476 272.971L91.132 467.314c-9.373 9.373-24.569 9.373-33.941 0l-22.667-22.667c-9.357-9.357-9.375-24.522-.04-33.901L188.505 256 34.484 101.255c-9.335-9.379-9.317-24.544.04-33.901l22.667-22.667c9.373-9.373 24.569-9.373 33.941 0L285.475 239.03c9.373 9.372 9.373 24.568.001 33.941z\"><\/path><\/svg><\/button>\n\t\t\n\t\t\t\t\t\t<\/div>\n\t\t\t\t<\/div>\n\t\t\t\t<\/div>\n\t\t<div class=\"elementor-element elementor-element-1c37a20b e-con-full e-flex e-con e-parent\" data-id=\"1c37a20b\" data-element_type=\"container\" data-e-type=\"container\">\n\t\t\t\t<\/div>\n\t\t\t\t<\/div>\n\t\t","protected":false},"excerpt":{"rendered":"<p>SPECIFIK\u0100CIJA Lidojuma kontrolieris: F405 Video raid\u012bt\u0101js: 2.5W Kamera: Caddx 1H 1200TVL Elektroniskais \u0101truma regulators (ESC): 60A 4in1 Dzin\u0113ji: 3115-900KV Propelleri: HQ10x5x3 Radiosakari: TBS Crossfire\/ Nano RX Komplekt\u0101 ietilpst:DronsPropelleru komplekts5.8G LHCP antenaSiksnu komplekts. Galven\u0101 ideja ir izveidot 10 collu bezpilota lidapar\u0101tu re\u0101l\u0101m kauj\u0101m ar \u0161\u0101d\u0101m iez\u012bm\u0113m. \u0160is piel\u0101gotais FPV drons b\u016bsiztur\u012bgs pret radiotrauc\u0113jumiem, sp\u0113s veikt\u0101trus izl\u016bko\u0161anas lidojumus unpieg\u0101d\u0101t smagu mun\u012bciju, nodro\u0161inotiev\u0113rojamu ietekmi kaujas lauk\u0101 arm\u0113ren\u0101m izmaks\u0101m.<\/p>\n","protected":false},"author":1,"featured_media":6640,"parent":0,"menu_order":0,"comment_status":"closed","ping_status":"closed","template":"","meta":{"inspiro_page_layout":"narrow","inspiro_hide_title":false,"footnotes":""},"class_list":["post-6828","page","type-page","status-publish","has-post-thumbnail","hentry"],"_links":{"self":[{"href":"https:\/\/dronariss.com\/lv\/wp-json\/wp\/v2\/pages\/6828","targetHints":{"allow":["GET"]}}],"collection":[{"href":"https:\/\/dronariss.com\/lv\/wp-json\/wp\/v2\/pages"}],"about":[{"href":"https:\/\/dronariss.com\/lv\/wp-json\/wp\/v2\/types\/page"}],"author":[{"embeddable":true,"href":"https:\/\/dronariss.com\/lv\/wp-json\/wp\/v2\/users\/1"}],"replies":[{"embeddable":true,"href":"https:\/\/dronariss.com\/lv\/wp-json\/wp\/v2\/comments?post=6828"}],"version-history":[{"count":6,"href":"https:\/\/dronariss.com\/lv\/wp-json\/wp\/v2\/pages\/6828\/revisions"}],"predecessor-version":[{"id":7489,"href":"https:\/\/dronariss.com\/lv\/wp-json\/wp\/v2\/pages\/6828\/revisions\/7489"}],"wp:featuredmedia":[{"embeddable":true,"href":"https:\/\/dronariss.com\/lv\/wp-json\/wp\/v2\/media\/6640"}],"wp:attachment":[{"href":"https:\/\/dronariss.com\/lv\/wp-json\/wp\/v2\/media?parent=6828"}],"curies":[{"name":"wp","href":"https:\/\/api.w.org\/{rel}","templated":true}]}}